{"id":3,"date":"2018-06-05T14:16:08","date_gmt":"2018-06-05T12:16:08","guid":{"rendered":"http:\/\/archilab.eminismartsolution.it\/?page_id=3"},"modified":"2022-03-18T15:07:26","modified_gmt":"2022-03-18T14:07:26","slug":"privacy-policy","status":"publish","type":"page","link":"https:\/\/archilabteam.com\/en\/privacy-policy\/","title":{"rendered":"Privacy Policy"},"content":{"rendered":"<p><strong>La presente privacy policy intende soddisfare tutti i requisiti delineati nel nuovo GDPR 2016 in esecuzione dal 25 maggio 2018<\/strong><\/p>\n<p><strong>Titolarit\u00e0 del trattamento dei Suoi dati personali<\/strong><\/p>\n<p>Lo studio <strong>archiLab<\/strong> con sede in <strong>Viale Tiberio 28, 47921 Rimini<\/strong>, in qualit\u00e0 di titolare del trattamento, la informa che i dati da lei forniti ai fini, ovvero altrimenti acquisiti nell&#8217;ambito della propria attivit\u00e0 e connesse alla fornitura dei propri servizi e\/o di inoltro di richieste informative e\/o di contatto relative a specifiche inserzioni immobiliari attraverso il proprio sito internet, saranno trattati nel rispetto del Codice in materia di protezione dei dati personali dalla legge applicabile, con modalit\u00e0 idonee a garantirne la sicurezza e la riservatezza, e, comunque, con strumenti manuali, elettronici e\/o automatizzati.<\/p>\n<p><strong>a) Luogo di trattamento dei dati<\/strong><\/p>\n<p>I trattamenti connessi ai servizi web di questo sito hanno luogo presso la predetta sede e sono curati solo da personale tecnico dell\u2019ufficio incaricato del trattamento, oppure da eventuali incaricati di occasionali operazioni di manutenzione.<\/p>\n<p>Il trattamento dei dati avviene sulla base della loro conservazione in archivi informatici presso la societ\u00e0, il cui accesso ai dati si limita alle procedure di manutenzione.<\/p>\n<p>I dati personali forniti dagli utenti che inoltrano richieste di invio di materiale informativo (newsletter, richieste di informazioni, cataloghi, Cd-rom, ecc.) sono utilizzati al solo fine di eseguire il servizio o la prestazione richiesta e sono comunicati a terzi nel solo caso in cui ci\u00f2 sia a tal fine necessario (servizi di spedizione).<\/p>\n<p><strong>b) Tipi di dati trattati<\/strong><\/p>\n<p>Dati di navigazione<\/p>\n<p>I sistemi informatici e le procedure software preposte al funzionamento di questo sito web acquisiscono, nel corso del loro normale esercizio, alcuni dati personali (c.d. log files) la cui trasmissione \u00e8 implicita nell\u2019uso dei protocolli di comunicazione di Internet.<\/p>\n<p>Si tratta di informazioni che non sono raccolte per essere associate a interessati identificati, ma che per loro stessa natura potrebbero, attraverso elaborazioni ed associazioni con dati detenuti da terzi, permettere di identificare gli utenti.<\/p>\n<p>In questa categoria di dati rientrano gli indirizzi IP o i nomi a dominio dei computer utilizzati dagli utenti che si connettono al sito, gli indirizzi in notazione URI (Uniform Resource Identifier) delle risorse richieste, l\u2019orario della richiesta, il metodo utilizzato nel sottoporre la richiesta al server, la dimensione del file ottenuto in risposta, il codice numerico indicante lo stato della risposta data dal server (buon fine, errore, ecc.) ed altri parametri relativi al sistema operativo e all&#8217;ambiente informatico dell\u2019utente.<\/p>\n<p>Questi dati vengono utilizzati al solo fine di ricavare informazioni statistiche anonime sull\u2019uso del sito e per controllarne il corretto funzionamento. I dati potrebbero essere utilizzati per l\u2019accertamento di responsabilit\u00e0 in caso di ipotetici reati informatici ai danni del sito e potranno essere esibiti all\u2019Autorit\u00e0 Giudiziaria, qualora questa ne faccia esplicita richiesta.<\/p>\n<p>Dati forniti volontariamente dall&#8217;utente<\/p>\n<p>L\u2019invio facoltativo, esplicito e volontario di posta elettronica agli indirizzi indicati su questo sito comporta la successiva acquisizione dell\u2019indirizzo del mittente, necessario per rispondere alle richieste, nonch\u00e9 degli eventuali altri dati personali inseriti nella missiva come numero di telefono, nome, cognome e indirizzi.<\/p>\n<p>Dettagli completi su ciascuna tipologia di dati raccolti sono forniti nelle sezioni dedicate di questa privacy o mediante specifici testi informativi visualizzati prima della raccolta dei dati stessi.<\/p>\n<p>Gli Utenti che dovessero avere dubbi su quali Dati siano obbligatori, sono incoraggiati a contattare il Titolare del trattamento.<\/p>\n<p>L&#8217;Utente si assume la responsabilit\u00e0 dei Dati Personali di terzi ottenuti, pubblicati o condivisi mediante questo Sito Web e garantisce di avere il diritto di comunicarli o diffonderli, liberando il Titolare da qualsiasi responsabilit\u00e0 verso terzi.<\/p>\n<p>Specifiche informative di sintesi verranno progressivamente riportate o visualizzate nelle pagine del sito predisposte per particolari servizi a richiesta.<\/p>\n<p><strong>c) Finalit\u00e0 del trattamento<\/strong><\/p>\n<p>Il trattamento dei dati \u00e8 finalizzato, oltre che ad eseguire quanto da lei richiesto con la compilazione del modulo di registrazione e\/o contatto, all&#8217;esecuzione dell&#8217;attivit\u00e0 di mediazione, all&#8217;adempimento dei connessi obblighi fiscali e ad adempiere, anche in fase precontrattuale, alle Sue specifiche richieste, per le quali non \u00e8 necessario il consenso.<\/p>\n<p>Il trattamento stesso, inoltre, solo se espressamente autorizzato, potr\u00e0 essere finalizzato a fornirLe un pi\u00f9 ampio servizio di assistenza, che le permetter\u00e0 di usufruire di tutti servizi offerti dalle societ\u00e0 controllanti, controllate, collegate o convenzionate con <strong>archiLab<\/strong>, nonch\u00e9 consulenze esterne di carattere tecnico, promozionale e\/o di marketing.<\/p>\n<p>Ai sensi dell&#8217;art. 130, comma 4 del Codice, le coordinate di posta elettronica forniteci nel contesto della registrazione\/contatto al sito, potranno essere utilizzate, per l&#8217;invio di comunicazioni commerciali o di materiale pubblicitario, nonch\u00e9 per il compimento di ricerche di mercato.<\/p>\n<p><strong>d) Basi giuridiche del trattamento<\/strong><\/p>\n<p>Base giuridica del trattamento dei Suoi dati personali per le finalit\u00e0 di cui al precedente punto &#8220;c&#8221; \u00e8 la necessit\u00e0 di Cesena di dare esecuzione al rapporto contrattuale con Lei in essere, in forza del quale Cesena fornisce i Servizi come da Lei richiesti; Il trattamento dei Suoi dati personali per le finalit\u00e0 di cui al precedente punto &#8220;c&#8221; si fonda sulla necessit\u00e0 di adempiere a ogni obbligo ai sensi della normativa applicabile connesso alla fornitura dei Servizi; Il trattamento dei Suoi dati personali per le finalit\u00e0 di cui al precedente punto &#8220;c&#8221; si fonda sul legittimo interesse di Cesena, di esercitare e\/o difendere, ove occorra, i propri diritti nelle sedi opportune.<\/p>\n<p><strong>e) Natura del conferimento dei dati, conseguenze del mancato conferimento e conservazione dei dati<\/strong><\/p>\n<p>Il conferimento dei Suoi dati personali e la Sua profilazione come indicata, costituiscono un requisito necessario per il trattamento svolto per le finalit\u00e0 sopra descritte.<br \/>\nIn caso di mancato conferimento dei Suoi dati personali per tali finalit\u00e0, e\/o di Sua successiva opposizione, Cesena non potr\u00e0 fornire i Servizi, n\u00e9 adempiere ad ogni connesso obbligo ai sensi della normativa applicabile.<br \/>\nI Dati sono trattati e conservati per il tempo richiesto dalle finalit\u00e0 per le quali sono stati raccolti o in alternativa i Suoi dati personali per le suddette finalit\u00e0 saranno conservati per massimo 36 mesi o fino alla revoca delle stesse mediante richiesta specifica al Titolare.<\/p>\n<p>Pertanto ne consegue che:<\/p>\n<p>&#8211; I Dati Personali raccolti per scopi collegati all&#8217;esecuzione di un contratto tra il Titolare e l\u2019Utente saranno trattenuti sino a quando sia completata l\u2019esecuzione di tale contratto.<\/p>\n<p>&#8211; I Dati Personali raccolti per finalit\u00e0 riconducibili all&#8217;interesse legittimo del Titolare saranno trattenuti sino al soddisfacimento di tale interesse. L\u2019Utente pu\u00f2 ottenere ulteriori informazioni in merito all&#8217;interesse legittimo perseguito dal Titolare nelle relative sezioni di questo documento o contattando il Titolare.<\/p>\n<p><strong>f) Categorie di soggetti ai quali i Suoi dati potranno essere comunicati o potranno venirne a conoscenza<\/strong><\/p>\n<p>Per il conseguimento delle finalit\u00e0 di cui al precedente punto a), potrebbe rendersi necessario comunicare i suoi dati a terzi quali a titolo indicativo e non esaustivo: persone fisiche o giuridiche interessate alla conclusione del contratto mediato, autorit\u00e0 di p.s., societ\u00e0 controllanti, controllate, soggette a comune controllo, collegate, o convenzionate con <strong>archiLab<\/strong>, nonch\u00e9 a societ\u00e0 affiliate che offrono servizi, di mediazione immobiliare o comunque connessi alla compravendita degli immobili. I Suoi dati non saranno in alcun caso diffusi, ma potranno venire a conoscenza dei dipendenti e\/o dei collaboratori della Societ\u00e0 espressamente nominati incaricati al trattamento, e come tali tenuti agli obblighi connessi al trattamento dei dati.<\/p>\n<p><strong>g) Diritti dell&#8217;interessato:<\/strong><\/p>\n<p>&#8211; conoscere l&#8217;esistenza o meno dei dati personali, la loro origine, nonch\u00e9 la logica e la modalit\u00e0 del trattamento;<\/p>\n<p>&#8211; ottenere la cancellazione, la trasformazione in forma anonima o il blocco dei dati trattati in violazione di legge, l&#8217;aggiornamento, la rettifica o, qualora ne abbiate interesse, l&#8217;integrazione dei dati e l&#8217;attestazione che dette operazioni sono state portate a conoscenza di coloro ai quali detti dati sono stati comunicati;<\/p>\n<p>&#8211; opporsi al trattamento dei dati per finalit\u00e0 di invio di materiale pubblicitario o di vendita diretta o per il compimento di ricerche di mercato o di comunicazione commerciale o, per motivi legittimi, di opporsi al trattamento dei dati, anche se pertinente alle finalit\u00e0 della raccolta.<\/p>\n<p><strong>h) Come esercitare i diritti:<\/strong><\/p>\n<p>Al fine dell&#8217;esercizio dei predetti diritti, nonch\u00e9 per la modifica dei consensi e l&#8217;ottenimento dell&#8217;elenco dei responsabili, potr\u00e0 rivolgersi al Responsabile del trattamento dei dati personali presso <strong>archiLab<\/strong>, con sede in <strong>Viale Tiberio 28, 47921 Rimini<\/strong>.<\/p>\n<p><strong>Riferimenti legali<\/strong><\/p>\n<p>La presente informativa privacy \u00e8 redatta sulla base di molteplici ordinamenti legislativi, inclusi gli artt. 13 e 14 del Regolamento (UE) 2016\/679.<br \/>\nOve non diversamente specificato, questa informativa privacy riguarda esclusivamente solo questo Sito Web.<\/p>\n<p><strong>INFORMATIVA SUI COOKIE ai sensi dell\u2019articolo 13 del Regolamento europeo n. 2016\/679<\/strong><\/p>\n<p><strong>Che cosa \u00e8 un cookie?<\/strong><\/p>\n<p>Che cosa \u00e8 un cookie? Un cookie \u00e8 un piccolo file di testo che viene memorizzato dal computer nel momento in cui un sito web viene visitato da un utente. Il testo memorizza informazioni che il sito \u00e8 in grado di leggere nel momento in cui viene consultato in un secondo momento. Alcuni di questi cookie sono necessari al corretto funzionamento del sito, altri sono invece utili al visitatore perch\u00e9 in grado di memorizzare in modo sicuro ad esempio il nome utente o le impostazioni di lingua. Il vantaggio di avere dei cookie installati nel proprio pc \u00e8 quello di non aver pi\u00f9 bisogno di compilare le stesse informazioni ogni qualvolta si voglia accedere ad un sito visitato in precedenza.<\/p>\n<p><strong>Cookie di prima parte<\/strong><\/p>\n<p>I cookie di prima parte (first-part cookies), sono i cookie generati e utilizzati dal gestore del sito sul quale l&#8221;utente sta navigando. Questi cookie, tecnici e di performance, sono limitati: nel primo caso alla trasmissione di identificativi di sessione (costituiti da numeri casuali generati dal server) che consentono una navigazione sicura ed efficiente del sito web; nel secondo caso utilizzati a fini statistici per la rilevazione degli utenti unici, dei contenuti visualizzati o scaricati ecc., ne \u00e8 un esempio Google Analytics. I dati sono memorizzati in maniera anonima e vengono utilizzati in modo aggregato. In particolare, per disabilitare i cookie di Google Analytics, \u00e8 possibile utilizzare un apposito componente aggiuntivo messo a disposizione da Google.<\/p>\n<p><strong>Cookie di terza parte<\/strong><\/p>\n<p>I cookie di terze parte (third-part cookies), come ad esempio quello impostato dal pulsante \u201cMi piace\u201d di Facebook, sono cookie generati e utilizzati da soggetti diversi dal gestore del sito sul quale l&#8221;utente sta navigando, sulla base di contratti tra titolare del sito web e la relativa terza parte. Alcuni inserzionisti pubblicitari utilizzano questi cookie per tracciare le visite dell&#8221;utente sui siti nei quali offrono i propri servizi. <a href=\"https:\/\/policies.google.com\/technologies\/partner-sites\" target=\"_blank\" rel=\"nofollow noopener\"><u>Qui<\/u><\/a> spiegate le modalit\u00e0 di utilizzo delle informazioni da parte di Google.<\/p>\n<p>Il presente sito utilizza inoltre i seguenti cookie di terze parti:<\/p>\n<p>Cookies di Google Analytics per raccogliere informazioni aggregate e anomine sulla navigazione degli utenti effettuata sui Siti. Pu\u00f2 disabilitare i cookies di Google Analytics scaricando uno specifico plug-in del browser reperibile alla seguente url: <a href=\"https:\/\/tools.google.com\/dlpage\/gaoptout\" target=\"_blank\" rel=\"nofollow noopener\">https:\/\/tools.google.com\/dlpage\/gaoptout<\/a><\/p>\n<p>Cookie di Google per raccogliere informazioni sulle preferenze degli utenti per finalit\u00e0 di pubblicit\u00e0 comportamentale.<\/p>\n<p><strong>Prestazione del consenso<\/strong><\/p>\n<p>L&#8217;Utente esprime il proprio consenso all&#8217;uso dei cookie effettuando una di queste operazioni: Cliccare sul pulsante &#8216;OK&#8217; del banner presente sul sito; Cliccare sul pulsante &#8216;Attiva i cookies&#8217; dei blocchi; Chiudendo il banner; Proseguendo nella navigazione del sito.<\/p>\n<p><strong>Come posso disattivare i cookie?<\/strong><\/p>\n<p>\u00c8 possibile modificare il browser per disattivare i cookie tramite una procedura molto semplice. Attenzione: disattivando i cookie sia nome utente che password non saranno pi\u00f9 memorizzati sul box di login del sito.<br \/>\nFirefox:<\/p>\n<p>Apri Firefox<br \/>\nPremi il pulsante &#8220;Alt&#8221; sulla tastiera.<br \/>\nNella barra degli strumenti situata nella parte superiore del browser, seleziona &#8220;Strumenti&#8221; e successivamente &#8220;Opzioni&#8221;.<br \/>\nSeleziona quindi la scheda &#8220;Privacy&#8221;.<br \/>\nVai su &#8220;Impostazioni Cronologia&#8221; e successivamente su &#8220;Utilizza impostazioni personalizzate&#8221;. Deseleziona &#8220;Accetta i cookie dai siti&#8221; e salva le preferenze.<\/p>\n<p>Internet Explorer:<\/p>\n<p>Apri Internet Explorer.<br \/>\nClicca sul pulsante &#8220;Strumenti&#8221; e quindi su &#8220;Opzioni Internet&#8221;.<br \/>\nSeleziona la scheda &#8220;Privacy&#8221; e sposta il dispositivo di scorrimento sul livello di privacy che desideri impostare (verso l&#8221;alto per bloccare tutti i cookie o verso il basso per consentirli tutti).<br \/>\nQuindi clicca su OK.<\/p>\n<p>Google Chrome:<\/p>\n<p>Apri Google Chrome.<br \/>\nClicca sull&#8221;icona &#8220;Strumenti&#8221;.<br \/>\nSeleziona &#8220;Impostazioni&#8221; e successivamente &#8220;Impostazioni avanzate&#8221;.<br \/>\nSeleziona &#8220;Impostazioni dei contenuti&#8221; sotto la voce &#8220;Privacy&#8221;.<br \/>\nDalla scheda &#8220;Cookie e dati dei siti&#8221; dove sar\u00e0 possibile cercare e cancellare specifici cookie.<\/p>\n<p>oppure<\/p>\n<p>Digita chrome:\/\/settings\/cookie nella barra degli indirizzi e premi invio.<br \/>\nAccederai alla scheda &#8220;Cookie e dati dei siti&#8221; dove sar\u00e0 possibile cercare e cancellare specifici cookie.<\/p>\n<p>Safari:<\/p>\n<p>Apri Safari.<br \/>\nScegli &#8220;Preferenze&#8221; nella barra degli strumenti, quindi seleziona il pannello &#8220;Sicurezza&#8221; nella finestra di dialogo che segue.<br \/>\nNella sezione &#8220;Accetta cookie&#8221; \u00e8 possibile specificare se e quando Safari deve salvare i cookie dai siti web. Per ulteriori informazioni clicca sul pulsante di Aiuto ( contrassegnato da un punto interrogativo).<br \/>\nPer maggiori informazioni sui cookie che vengono memorizzati sul vostro computer, clicca su &#8220;Mostra cookie&#8221;.<\/p>\n","protected":false},"excerpt":{"rendered":"<p>La presente privacy policy intende soddisfare tutti i requisiti delineati<a class=\"read-more\" href=\"https:\/\/archilabteam.com\/en\/privacy-policy\/\">&#8230;<\/a><\/p>\n","protected":false},"author":5,"featured_media":0,"parent":0,"menu_order":0,"comment_status":"closed","ping_status":"closed","template":"","meta":{"footnotes":""},"class_list":["post-3","page","type-page","status-publish","hentry"],"_links":{"self":[{"href":"https:\/\/archilabteam.com\/en\/wp-json\/wp\/v2\/pages\/3","targetHints":{"allow":["GET"]}}],"collection":[{"href":"https:\/\/archilabteam.com\/en\/wp-json\/wp\/v2\/pages"}],"about":[{"href":"https:\/\/archilabteam.com\/en\/wp-json\/wp\/v2\/types\/page"}],"author":[{"embeddable":true,"href":"https:\/\/archilabteam.com\/en\/wp-json\/wp\/v2\/users\/5"}],"replies":[{"embeddable":true,"href":"https:\/\/archilabteam.com\/en\/wp-json\/wp\/v2\/comments?post=3"}],"version-history":[{"count":3,"href":"https:\/\/archilabteam.com\/en\/wp-json\/wp\/v2\/pages\/3\/revisions"}],"predecessor-version":[{"id":31804,"href":"https:\/\/archilabteam.com\/en\/wp-json\/wp\/v2\/pages\/3\/revisions\/31804"}],"wp:attachment":[{"href":"https:\/\/archilabteam.com\/en\/wp-json\/wp\/v2\/media?parent=3"}],"curies":[{"name":"wp","href":"https:\/\/api.w.org\/{rel}","templated":true}]}}